{"id":25989583,"date":"2024-08-29T11:18:34","date_gmt":"2024-08-29T11:18:34","guid":{"rendered":"https:\/\/test.keskoo.com\/konteinervedu\/"},"modified":"2024-08-30T12:08:32","modified_gmt":"2024-08-30T12:08:32","slug":"konteinervedu","status":"publish","type":"page","link":"https:\/\/test.keskoo.com\/et\/konteinervedu\/","title":{"rendered":"Konteinervedu"},"content":{"rendered":"<p>[et_pb_section fb_built=&#8221;1&#8243; fullwidth=&#8221;on&#8221; _builder_version=&#8221;4.25.1&#8243; _module_preset=&#8221;default&#8221; global_colors_info=&#8221;{}&#8221;][et_pb_fullwidth_image src=&#8221;https:\/\/test.keskoo.com\/wp-content\/uploads\/2024\/08\/container.png&#8221; title_text=&#8221;konteiner&#8221; _builder_version=&#8221;4.25.1&#8243; _module_preset=&#8221;default&#8221; hover_enabled=&#8221;0&#8243; global_colors_info=&#8221;{}&#8221; sticky_enabled=&#8221;0&#8243;][\/et_pb_fullwidth_image][\/et_pb_section][et_pb_section fb_built=&#8221;1&#8243; _builder_version=&#8221;4.25.1&#8243; _module_preset=&#8221;default&#8221; global_colors_info=&#8221;{}&#8221;][et_pb_row _builder_version=&#8221;4.25.1&#8243; _module_preset=&#8221;default&#8221; global_colors_info=&#8221;{}&#8221;][et_pb_column type=&#8221;4_4&#8243; _builder_version=&#8221;4.25.1&#8243; _module_preset=&#8221;default&#8221; global_colors_info=&#8221;{}&#8221;][et_pb_text _builder_version=&#8221;4.25.1&#8243; _module_preset=&#8221;default&#8221; text_font=&#8221;Poppins||||||||&#8221; text_font_size=&#8221;20px&#8221; header_2_font=&#8221;|600|||||||&#8221; header_2_font_size=&#8221;35px&#8221; hover_enabled=&#8221;0&#8243; global_colors_info=&#8221;{}&#8221; sticky_enabled=&#8221;0&#8243;]<\/p>\n<h2 style=\"text-align: center;\"><strong>Konteinervedu<\/strong><\/h2>\n<p>&nbsp;<\/p>\n<p>Granel O\u00dc on Eesti juhtiv konteinerveoettev\u00f5te.<br \/>\nLisaks k\u00f5ige tihedama liiklusega sihtkohtadele, nagu Kaug-Ida ja P\u00f5hja-Ameerika, pakume oma agentide v\u00f5rgustiku kaudu saadetisi k\u00f5ikidesse konteinersadamatesse \u00fcle maailma.<br \/>\nMeie eesm\u00e4rk on pakkuda klientidele k\u00f5ige kuluefektiivsemat teenust ja ajakohast turuinfot.  <\/p>\n<p>Granel O\u00dc peamised teenused konteinervedude valdkonnas on j\u00e4rgmised:<\/p>\n<ul>\n<li><strong>T\u00e4ielik konteinerlaadung (FCL):<\/strong> \u00dche kliendi jaoks reserveeritud transpordimeetod.<\/li>\n<li><strong>V\u00e4hem kui konteinerlast (LCL):<\/strong> LCL-veo puhul jagavad mitu klienti ruumi \u00fches konteineris.<br \/>\nSee v\u00f5imalus on ideaalne v\u00e4iksemate saadetiste puhul, mis ei ole ajaliselt tundlikud, aidates v\u00e4hendada kulusid. <\/li>\n<\/ul>\n<p>Lisaks pakub Granel O\u00dc erinevaid konteinerteenuseid habraste kaupade, segalasti, puistekauba, t\u00fckikauba, \u00fclisuurte esemete ja k\u00fclmutusveo jaoks.<br \/>T\u00e4nu meie koost\u00f6\u00f6le suuremate meretranspordiettev\u00f5tetega saame tagada teie saadetisele k\u00f5ige sobivama koha pardal.<br \/>\nSamuti tagame sobiva ajakava, k\u00f5igi standardite j\u00e4rgimise ja erivarustuse k\u00e4ttesaadavuse. <\/p>\n<p>Pakume j\u00e4rgmist t\u00fc\u00fcpi konteinereid:<\/p>\n<ul>\n<li>20\u2032 ja 40\u2032 standardkonteinerid ning 40\u2032 ja 45\u2032 k\u00f5rged kuubikonteinerid.<\/li>\n<li>20\u2032 ja 40\u2032 jahutusmahutid<\/li>\n<li>20\u2032 ja 40\u2032 lahtised konteinerid<\/li>\n<li>Kokkupandavate otsaseintega lamedad riiulikonteinerid (sobivad \u00fchendvedudeks)<\/li>\n<li>Paakkonteinerid<\/li>\n<\/ul>\n<p>Granel O\u00dc kasutab internetip\u00f5hist broneerimis- ja j\u00e4lgimiss\u00fcsteemi ning pakub lisaks veoteenustele ka tolliteenuseid.<br \/>\nSelline l\u00e4henemine leevendab meie klientide logistilist koormust. <\/p>\n<p>Meie eesm\u00e4rk on lihtsustada protsessi meie klientide jaoks, pakkudes igak\u00fclgset ukselt-uksele teenust.<br \/>\nKogu tarneahelat juhivad ja koordineerivad pikaajalise kogemusega spetsialistid. <\/p>\n<p>&nbsp;<\/p>\n<p>[\/et_pb_text][\/et_pb_column][\/et_pb_row][\/et_pb_section][et_pb_section fb_built=&#8221;1&#8243; specialty=&#8221;on&#8221; padding_right_2=&#8221;10%&#8221; padding_2_tablet=&#8221;|10%||10%||true&#8221; padding_2_phone=&#8221;&#8221; padding_2_last_edited=&#8221;on|tablet&#8221; admin_label=&#8221;Footer&#8221; _builder_version=&#8221;4.16&#8243; background_color=&#8221;#2d2d2d&#8221; use_background_color_gradient=&#8221;on&#8221; background_color_gradient_stops=&#8221;#19242d 0%|rgba(25,36,45,0.7) 100%&#8221; background_color_gradient_overlays_image=&#8221;on&#8221; background_color_gradient_start=&#8221;#19242d&#8221; background_color_gradient_end=&#8221;rgba(25,36,45,0.7)&#8221; background_image=&#8221;https:\/\/test.keskoo.com\/wp-content\/uploads\/2024\/08\/movers-04.jpg&#8221; inner_width=&#8221;100%&#8221; inner_max_width=&#8221;100%&#8221; custom_margin=&#8221;0px|||&#8221; custom_padding=&#8221;0|0px|80px|0px|false|false&#8221; use_custom_width=&#8221;on&#8221; width_unit=&#8221;off&#8221; custom_width_percent=&#8221;100%&#8221; collapsed=&#8221;off&#8221; global_colors_info=&#8221;{}&#8221;][et_pb_column type=&#8221;1_2&#8243; specialty_columns=&#8221;2&#8243; _builder_version=&#8221;4.16&#8243; custom_padding=&#8221;|||&#8221; global_colors_info=&#8221;{}&#8221; custom_padding__hover=&#8221;|||&#8221;][et_pb_row_inner column_structure=&#8221;1_2,1_2&#8243; custom_padding_last_edited=&#8221;on|tablet&#8221; _builder_version=&#8221;4.16&#8243; background_color=&#8221;#c13e33&#8243; custom_margin=&#8221;-60px|||&#8221; custom_padding=&#8221;80px|10%|80px|20%|true|false&#8221; custom_padding_tablet=&#8221;|10%||10%||true&#8221; custom_padding_phone=&#8221;&#8221; animation_style=&#8221;fold&#8221; animation_direction=&#8221;left&#8221; animation_intensity_fold=&#8221;20%&#8221; global_colors_info=&#8221;{}&#8221;][et_pb_column_inner type=&#8221;1_2&#8243; saved_specialty_column_type=&#8221;1_2&#8243; _builder_version=&#8221;4.16&#8243; custom_padding=&#8221;|||&#8221; global_colors_info=&#8221;{}&#8221; custom_padding__hover=&#8221;|||&#8221;][et_pb_text _builder_version=&#8221;4.25.1&#8243; text_font=&#8221;|700|||||||&#8221; text_text_color=&#8221;#ffffff&#8221; text_line_height=&#8221;2em&#8221; link_font=&#8221;||||||||&#8221; link_text_color=&#8221;#ffffff&#8221; header_font=&#8221;||||||||&#8221; header_5_font=&#8221;Oswald|||on|||||&#8221; header_5_text_color=&#8221;rgba(255,255,255,0.4)&#8221; header_5_letter_spacing=&#8221;2px&#8221; header_5_line_height=&#8221;1.4em&#8221; background_layout=&#8221;dark&#8221; locked=&#8221;off&#8221; global_colors_info=&#8221;{}&#8221;]<\/p>\n<h5>V\u00f5tke \u00fchendust<\/h5>\n<p><a class=\"contact__value\" href=\"tel:+3726005333\" title=\"\u0422\u0435\u043b\u0435\u0444\u043e\u043d: +372 600 5333\">+372 600 5333<\/a><br \/><a class=\"contact__value\" href=\"mailto:info@granel.com.ee\" title=\"\u042d-\u043f\u043e\u0447\u0442\u0430: info@granel.com.ee\">info@granel.com.ee<\/a><\/p>\n<p>[\/et_pb_text][et_pb_text _builder_version=&#8221;4.16&#8243; text_font=&#8221;|700|||||||&#8221; text_text_color=&#8221;#ffffff&#8221; text_line_height=&#8221;2em&#8221; link_font=&#8221;||||||||&#8221; link_text_color=&#8221;#ffffff&#8221; header_font=&#8221;||||||||&#8221; header_5_font=&#8221;Oswald|||on|||||&#8221; header_5_text_color=&#8221;rgba(255,255,255,0.4)&#8221; header_5_letter_spacing=&#8221;2px&#8221; header_5_line_height=&#8221;1.4em&#8221; background_layout=&#8221;dark&#8221; locked=&#8221;off&#8221; global_colors_info=&#8221;{}&#8221;]<\/p>\n<h5>T\u00f6\u00f6aeg<\/h5>\n<p>9.00-17.00 <span>(GMT+3) <\/span>esmasp\u00e4ev: reede  <\/p>\n<p>[\/et_pb_text][et_pb_text _builder_version=&#8221;4.16&#8243; text_font=&#8221;|700|||||||&#8221; text_text_color=&#8221;#ffffff&#8221; text_line_height=&#8221;2em&#8221; link_font=&#8221;||||||||&#8221; link_text_color=&#8221;#ffffff&#8221; header_font=&#8221;||||||||&#8221; header_5_font=&#8221;Oswald|||on|||||&#8221; header_5_text_color=&#8221;rgba(255,255,255,0.4)&#8221; header_5_letter_spacing=&#8221;2px&#8221; header_5_line_height=&#8221;1.4em&#8221; background_layout=&#8221;dark&#8221; locked=&#8221;off&#8221; global_colors_info=&#8221;{}&#8221;]<\/p>\n<h5>Meie b\u00fcroo<\/h5>\n<p><span>Ida-Viru maakond, Sillam\u00e4e linn, Kesk tn 7-11, 40231<\/span><\/p>\n<p>[\/et_pb_text][\/et_pb_column_inner][et_pb_column_inner type=&#8221;1_2&#8243; saved_specialty_column_type=&#8221;1_2&#8243; _builder_version=&#8221;4.16&#8243; custom_padding=&#8221;|||&#8221; global_colors_info=&#8221;{}&#8221; custom_padding__hover=&#8221;|||&#8221;][et_pb_text _builder_version=&#8221;4.25.1&#8243; text_font=&#8221;|700|||||||&#8221; text_text_color=&#8221;#ffffff&#8221; text_line_height=&#8221;2em&#8221; link_font=&#8221;||||||||&#8221; link_text_color=&#8221;#ffffff&#8221; header_font=&#8221;||||||||&#8221; header_5_font=&#8221;Oswald|||on|||||&#8221; header_5_text_color=&#8221;rgba(255,255,255,0.4)&#8221; header_5_letter_spacing=&#8221;2px&#8221; header_5_line_height=&#8221;1.4em&#8221; background_layout=&#8221;dark&#8221; locked=&#8221;off&#8221; global_colors_info=&#8221;{}&#8221;]<\/p>\n<h5>Mida me teeme<\/h5>\n<p><a href=\"road-transport\/\">Maanteevedu<\/a><br \/><a href=\"suure raskusega transport\/\">Maanteevedu<\/a><br \/><a href=\"air-transport\/\">\u00d5huvedu<\/a><br \/><a href=\"konteiner-transport\/\">Konteinerveod<\/a><br \/><a href=\"raudtee-transport\/\">Raudteevedu<\/a><br \/><a href=\"ladustamine-distributsioon\/\">Ladustamine ja laialivedu<\/a><br \/><a href=\"tolliagentuur\/\">Tolliteenused<\/a><br \/><a href=\"laevakoorma edastamine\/\">Laevade agenteerimine<\/a><\/p>\n<p>[\/et_pb_text][\/et_pb_column_inner][\/et_pb_row_inner][\/et_pb_column][et_pb_column type=&#8221;1_2&#8243; _builder_version=&#8221;4.16&#8243; custom_padding=&#8221;|||&#8221; global_colors_info=&#8221;{}&#8221; padding_tablet=&#8221;|10%||10%||true&#8221; padding_last_edited=&#8221;on|tablet&#8221; custom_padding__hover=&#8221;|||&#8221; padding_phone=&#8221;|10%||10%||true&#8221;][et_pb_contact_form captcha=&#8221;off&#8221; title=&#8221;Kirjutage meile&#8221; module_id=&#8221;et_pb_contact_form_1&#8243; _builder_version=&#8221;4.16&#8243; form_field_background_color=&#8221;rgba(255,255,255,0.12)&#8221; form_field_text_color=&#8221;rgba(255,255,255,0.6)&#8221; title_level=&#8221;h2&#8243; title_font=&#8221;Oswald|500|||||||&#8221; title_text_color=&#8221;#ffffff&#8221; title_font_size=&#8221;46px&#8221; title_line_height=&#8221;1.4em&#8221; form_field_font=&#8221;||||||||&#8221; form_field_font_size=&#8221;15px&#8221; form_field_line_height=&#8221;1.9em&#8221; custom_button=&#8221;on&#8221; button_text_size=&#8221;16px&#8221; button_text_color=&#8221;#ffffff&#8221; button_bg_color=&#8221;#e0aa25&#8243; button_border_width=&#8221;8px&#8221; button_border_color=&#8221;rgba(0,0,0,0)&#8221; button_border_radius=&#8221;0px&#8221; button_letter_spacing=&#8221;3px&#8221; button_font=&#8221;Montserrat|||on|||||&#8221; button_use_icon=&#8221;off&#8221; custom_padding=&#8221;|||&#8221; title_font_size_tablet=&#8221;46px&#8221; title_font_size_phone=&#8221;36px&#8221; title_font_size_last_edited=&#8221;on|phone&#8221; form_background_color=&#8221;rgba(255,255,255,0.12)&#8221; global_colors_info=&#8221;{}&#8221;][et_pb_contact_field field_id=&#8221;Name&#8221; field_title=&#8221;Nimi&#8221; _builder_version=&#8221;4.16&#8243; global_colors_info=&#8221;{}&#8221; button_text_size__hover_enabled=&#8221;off&#8221; button_one_text_size__hover_enabled=&#8221;off&#8221; button_two_text_size__hover_enabled=&#8221;off&#8221; button_text_color__hover_enabled=&#8221;off&#8221; button_one_text_color__hover_enabled=&#8221;off&#8221; button_two_text_color__hover_enabled=&#8221;off&#8221; button_border_width__hover_enabled=&#8221;off&#8221; button_one_border_width__hover_enabled=&#8221;off&#8221; button_two_border_width__hover_enabled=&#8221;off&#8221; button_border_color__hover_enabled=&#8221;off&#8221; button_one_border_color__hover_enabled=&#8221;off&#8221; button_two_border_color__hover_enabled=&#8221;off&#8221; button_border_radius__hover_enabled=&#8221;off&#8221; button_one_border_radius__hover_enabled=&#8221;off&#8221; button_two_border_radius__hover_enabled=&#8221;off&#8221; button_letter_spacing__hover_enabled=&#8221;off&#8221; button_one_letter_spacing__hover_enabled=&#8221;off&#8221; button_two_letter_spacing__hover_enabled=&#8221;off&#8221; button_bg_color__hover_enabled=&#8221;off&#8221; button_one_bg_color__hover_enabled=&#8221;off&#8221; button_two_bg_color__hover_enabled=&#8221;off&#8221;][\/et_pb_contact_field][et_pb_contact_field field_id=&#8221;Email&#8221; field_title=&#8221;E-posti aadress&#8221; field_type=&#8221;email&#8221; _builder_version=&#8221;4.16&#8243; global_colors_info=&#8221;{}&#8221; button_text_size__hover_enabled=&#8221;off&#8221; button_one_text_size__hover_enabled=&#8221;off&#8221; button_two_text_size__hover_enabled=&#8221;off&#8221; button_text_color__hover_enabled=&#8221;off&#8221; button_one_text_color__hover_enabled=&#8221;off&#8221; button_two_text_color__hover_enabled=&#8221;off&#8221; button_border_width__hover_enabled=&#8221;off&#8221; button_one_border_width__hover_enabled=&#8221;off&#8221; button_two_border_width__hover_enabled=&#8221;off&#8221; button_border_color__hover_enabled=&#8221;off&#8221; button_one_border_color__hover_enabled=&#8221;off&#8221; button_two_border_color__hover_enabled=&#8221;off&#8221; button_border_radius__hover_enabled=&#8221;off&#8221; button_one_border_radius__hover_enabled=&#8221;off&#8221; button_two_border_radius__hover_enabled=&#8221;off&#8221; button_letter_spacing__hover_enabled=&#8221;off&#8221; button_one_letter_spacing__hover_enabled=&#8221;off&#8221; button_two_letter_spacing__hover_enabled=&#8221;off&#8221; button_bg_color__hover_enabled=&#8221;off&#8221; button_one_bg_color__hover_enabled=&#8221;off&#8221; button_two_bg_color__hover_enabled=&#8221;off&#8221;][\/et_pb_contact_field][et_pb_contact_field field_id=&#8221;Message&#8221; field_title=&#8221;S\u00f5num&#8221; field_type=&#8221;text&#8221; fullwidth_field=&#8221;on&#8221; _builder_version=&#8221;4.16&#8243; global_colors_info=&#8221;{}&#8221; button_text_size__hover_enabled=&#8221;off&#8221; button_one_text_size__hover_enabled=&#8221;off&#8221; button_two_text_size__hover_enabled=&#8221;off&#8221; button_text_color__hover_enabled=&#8221;off&#8221; button_one_text_color__hover_enabled=&#8221;off&#8221; button_two_text_color__hover_enabled=&#8221;off&#8221; button_border_width__hover_enabled=&#8221;off&#8221; button_one_border_width__hover_enabled=&#8221;off&#8221; button_two_border_width__hover_enabled=&#8221;off&#8221; button_border_color__hover_enabled=&#8221;off&#8221; button_one_border_color__hover_enabled=&#8221;off&#8221; button_two_border_color__hover_enabled=&#8221;off&#8221; button_border_radius__hover_enabled=&#8221;off&#8221; button_one_border_radius__hover_enabled=&#8221;off&#8221; button_two_border_radius__hover_enabled=&#8221;off&#8221; button_letter_spacing__hover_enabled=&#8221;off&#8221; button_one_letter_spacing__hover_enabled=&#8221;off&#8221; button_two_letter_spacing__hover_enabled=&#8221;off&#8221; button_bg_color__hover_enabled=&#8221;off&#8221; button_one_bg_color__hover_enabled=&#8221;off&#8221; button_two_bg_color__hover_enabled=&#8221;off&#8221;][\/et_pb_contact_field][\/et_pb_contact_form][\/et_pb_column][\/et_pb_section]<\/p>\n","protected":false},"excerpt":{"rendered":"<p>Konteinervedu &nbsp; Granel O\u00dc on Eesti juhtiv konteinerveoettev\u00f5te. Lisaks k\u00f5ige tihedama liiklusega sihtkohtadele, nagu Kaug-Ida ja P\u00f5hja-Ameerika, pakume oma agentide v\u00f5rgustiku kaudu saadetisi k\u00f5ikidesse konteinersadamatesse \u00fcle maailma. Meie eesm\u00e4rk on pakkuda klientidele k\u00f5ige kuluefektiivsemat teenust ja ajakohast turuinfot. Granel O\u00dc peamised teenused konteinervedude valdkonnas on j\u00e4rgmised: T\u00e4ielik konteinerlaadung (FCL): \u00dche kliendi jaoks reserveeritud transpordimeetod. V\u00e4hem [&hellip;]<\/p>\n","protected":false},"author":2,"featured_media":0,"parent":0,"menu_order":0,"comment_status":"closed","ping_status":"closed","template":"","meta":{"_et_pb_use_builder":"on","_et_pb_old_content":"","_et_gb_content_width":"","footnotes":""},"dipi_cpt_category":[],"class_list":["post-25989583","page","type-page","status-publish","hentry"],"_links":{"self":[{"href":"https:\/\/test.keskoo.com\/et\/wp-json\/wp\/v2\/pages\/25989583","targetHints":{"allow":["GET"]}}],"collection":[{"href":"https:\/\/test.keskoo.com\/et\/wp-json\/wp\/v2\/pages"}],"about":[{"href":"https:\/\/test.keskoo.com\/et\/wp-json\/wp\/v2\/types\/page"}],"author":[{"embeddable":true,"href":"https:\/\/test.keskoo.com\/et\/wp-json\/wp\/v2\/users\/2"}],"replies":[{"embeddable":true,"href":"https:\/\/test.keskoo.com\/et\/wp-json\/wp\/v2\/comments?post=25989583"}],"version-history":[{"count":5,"href":"https:\/\/test.keskoo.com\/et\/wp-json\/wp\/v2\/pages\/25989583\/revisions"}],"predecessor-version":[{"id":25989588,"href":"https:\/\/test.keskoo.com\/et\/wp-json\/wp\/v2\/pages\/25989583\/revisions\/25989588"}],"wp:attachment":[{"href":"https:\/\/test.keskoo.com\/et\/wp-json\/wp\/v2\/media?parent=25989583"}],"wp:term":[{"taxonomy":"dipi_cpt_category","embeddable":true,"href":"https:\/\/test.keskoo.com\/et\/wp-json\/wp\/v2\/dipi_cpt_category?post=25989583"}],"curies":[{"name":"wp","href":"https:\/\/api.w.org\/{rel}","templated":true}]}}