{"id":25989556,"date":"2024-08-29T11:12:33","date_gmt":"2024-08-29T11:12:33","guid":{"rendered":"https:\/\/test.keskoo.com\/maanteevedu\/"},"modified":"2024-09-06T13:06:00","modified_gmt":"2024-09-06T13:06:00","slug":"maanteevedu","status":"publish","type":"page","link":"https:\/\/test.keskoo.com\/et\/maanteevedu\/","title":{"rendered":"Maanteevedu"},"content":{"rendered":"<p>[et_pb_section fb_built=&#8221;1&#8243; fullwidth=&#8221;on&#8221; _builder_version=&#8221;4.25.1&#8243; _module_preset=&#8221;default&#8221; global_colors_info=&#8221;{}&#8221;][et_pb_fullwidth_image src=&#8221;https:\/\/test.keskoo.com\/wp-content\/uploads\/2024\/09\/truck.png&#8221; title_text=&#8221;truck&#8221; _builder_version=&#8221;4.25.1&#8243; _module_preset=&#8221;default&#8221; global_colors_info=&#8221;{}&#8221;][\/et_pb_fullwidth_image][\/et_pb_section][et_pb_section fb_built=&#8221;1&#8243; _builder_version=&#8221;4.25.1&#8243; _module_preset=&#8221;default&#8221; global_colors_info=&#8221;{}&#8221;][et_pb_row _builder_version=&#8221;4.25.1&#8243; _module_preset=&#8221;default&#8221; global_colors_info=&#8221;{}&#8221;][et_pb_column type=&#8221;4_4&#8243; _builder_version=&#8221;4.25.1&#8243; _module_preset=&#8221;default&#8221; global_colors_info=&#8221;{}&#8221;][et_pb_text _builder_version=&#8221;4.25.1&#8243; _module_preset=&#8221;default&#8221; text_font=&#8221;Poppins||||||||&#8221; text_font_size=&#8221;20px&#8221; header_2_font=&#8221;|600|||||||&#8221; header_2_font_size=&#8221;35px&#8221; global_colors_info=&#8221;{}&#8221;]<\/p>\n<h2 style=\"text-align: center;\">Maanteevedu<\/h2>\n<p>&nbsp;<\/p>\n<p>Septembris 2024 on maanteetranspordi k\u00fctuselisa 10,1%.<br \/>Granel O\u00dc pakub terviklikku maanteeveoteenuste paketti, mis on spetsiaalselt teie vajadustele kohandatud. Me kohandame oma teenuseid vastavalt teie vajadustele, tagades teile parima v\u00f5imaliku teenuse. <\/p>\n<p>Granel O\u00dc peamised maanteekaubaveo marsruudid h\u00f5lmavad Euroopat, \u00dchendkuningriiki, Skandinaaviat, Balti riike ja Kesk-Aasiat.Pakume kiiret ja paindlikku maanteekaubavedu. <\/p>\n<p>Maanteeveo puhul on kaks v\u00f5imalust: v\u00e4hem kui veoauto koormaga (LTL) ja t\u00e4islastiga (FTL).<\/p>\n<p>V\u00e4iksema kui veoautokoorma (LTL) kasutatakse siis, kui veetav kaubakogus on suhteliselt v\u00e4ike. Kui teie saadetis on v\u00e4ike ja ei vaja erilist k\u00e4itlemist v\u00f5i kiirsaadetist, on LTL optimaalne lahendus. LTL vedu on graafikuj\u00e4rgne teenus, mis pakub kuluefektiivset v\u00f5imalust.  <\/p>\n<p>Suuremate saadetiste puhul sobib k\u00f5ige paremini veoautode t\u00e4islastivedu (FTL).FTL n\u00f5uab, et s\u00f5iduk oleks teie kaubaga t\u00e4ielikult koormatud.FTL-veo eeliseks on l\u00fchem tarneaeg, kuid selle puhul tuleb maksta t\u00e4iskoormuse eest.  <\/p>\n<p>Maanteekaubaveo korraldamine toimub meie raudtee-, mere- ja \u00f5hutranspordi osakondade koordineeritud meeskonnat\u00f6\u00f6 kaudu.Erinevate transpordiliikide kombineerimisega suurendame oma teenuste paindlikkust.Multimodaalne transport suurendab meie pakkumiste paindlikkust, mis v\u00f5imaldab meil pakkuda teile parimaid transpordilahendusi.  <\/p>\n<p>Lisaks pakub Granel O\u00dc ka j\u00e4rgmisi teenuseid:<\/p>\n<ul>\n<li>K\u00fclmutatud, ohtlike ja \u00fclisuurte kaupade vedu<\/li>\n<li>Tollivormistus ja transpordikindlustus<\/li>\n<li>Veoteenuste veebip\u00f5hine j\u00e4lgimine ja broneerimine<\/li>\n<\/ul>\n<p>Pakkumise saamiseks t\u00e4itke palun meie veebisaidil olev veokulude p\u00e4ringu vorm v\u00f5i saatke oma p\u00e4ring aadressil <a rel=\"noopener\">info@granel.com.ee.<\/a><\/p>\n<p>[\/et_pb_text][\/et_pb_column][\/et_pb_row][\/et_pb_section][et_pb_section fb_built=&#8221;1&#8243; specialty=&#8221;on&#8221; padding_right_2=&#8221;10%&#8221; padding_2_tablet=&#8221;|10%||10%||true&#8221; padding_2_phone=&#8221;&#8221; padding_2_last_edited=&#8221;on|tablet&#8221; admin_label=&#8221;Footer&#8221; _builder_version=&#8221;4.16&#8243; background_color=&#8221;#2d2d2d&#8221; use_background_color_gradient=&#8221;on&#8221; background_color_gradient_stops=&#8221;#19242d 0%|rgba(25,36,45,0.7) 100%&#8221; background_color_gradient_overlays_image=&#8221;on&#8221; background_color_gradient_start=&#8221;#19242d&#8221; background_color_gradient_end=&#8221;rgba(25,36,45,0.7)&#8221; background_image=&#8221;https:\/\/test.keskoo.com\/wp-content\/uploads\/2024\/08\/movers-04.jpg&#8221; inner_width=&#8221;100%&#8221; inner_max_width=&#8221;100%&#8221; custom_margin=&#8221;0px|||&#8221; custom_padding=&#8221;0|0px|80px|0px|false|false&#8221; use_custom_width=&#8221;on&#8221; width_unit=&#8221;off&#8221; custom_width_percent=&#8221;100%&#8221; collapsed=&#8221;off&#8221; global_colors_info=&#8221;{}&#8221;][et_pb_column type=&#8221;1_2&#8243; specialty_columns=&#8221;2&#8243; _builder_version=&#8221;4.16&#8243; custom_padding=&#8221;|||&#8221; global_colors_info=&#8221;{}&#8221; custom_padding__hover=&#8221;|||&#8221;][et_pb_row_inner column_structure=&#8221;1_2,1_2&#8243; custom_padding_last_edited=&#8221;on|tablet&#8221; _builder_version=&#8221;4.16&#8243; background_color=&#8221;#c13e33&#8243; custom_margin=&#8221;-60px|||&#8221; custom_padding=&#8221;80px|10%|80px|20%|true|false&#8221; custom_padding_tablet=&#8221;|10%||10%||true&#8221; custom_padding_phone=&#8221;&#8221; animation_style=&#8221;fold&#8221; animation_direction=&#8221;left&#8221; animation_intensity_fold=&#8221;20%&#8221; global_colors_info=&#8221;{}&#8221;][et_pb_column_inner type=&#8221;1_2&#8243; saved_specialty_column_type=&#8221;1_2&#8243; _builder_version=&#8221;4.16&#8243; custom_padding=&#8221;|||&#8221; global_colors_info=&#8221;{}&#8221; custom_padding__hover=&#8221;|||&#8221;][et_pb_text _builder_version=&#8221;4.25.1&#8243; text_font=&#8221;|700|||||||&#8221; text_text_color=&#8221;#ffffff&#8221; text_line_height=&#8221;2em&#8221; link_font=&#8221;||||||||&#8221; link_text_color=&#8221;#ffffff&#8221; header_font=&#8221;||||||||&#8221; header_5_font=&#8221;Oswald|||on|||||&#8221; header_5_text_color=&#8221;rgba(255,255,255,0.4)&#8221; header_5_letter_spacing=&#8221;2px&#8221; header_5_line_height=&#8221;1.4em&#8221; background_layout=&#8221;dark&#8221; locked=&#8221;off&#8221; global_colors_info=&#8221;{}&#8221;]<\/p>\n<h5>V\u00f5tke \u00fchendust<\/h5>\n<p><a class=\"contact__value\" href=\"tel:+3726005333\" title=\"\u0422\u0435\u043b\u0435\u0444\u043e\u043d: +372 600 5333\">+372 600 5333<\/a><br \/><a class=\"contact__value\" href=\"mailto:info@granel.com.ee\" title=\"\u042d-\u043f\u043e\u0447\u0442\u0430: info@granel.com.ee\">info@granel.com.ee<\/a><\/p>\n<p>[\/et_pb_text][et_pb_text _builder_version=&#8221;4.16&#8243; text_font=&#8221;|700|||||||&#8221; text_text_color=&#8221;#ffffff&#8221; text_line_height=&#8221;2em&#8221; link_font=&#8221;||||||||&#8221; link_text_color=&#8221;#ffffff&#8221; header_font=&#8221;||||||||&#8221; header_5_font=&#8221;Oswald|||on|||||&#8221; header_5_text_color=&#8221;rgba(255,255,255,0.4)&#8221; header_5_letter_spacing=&#8221;2px&#8221; header_5_line_height=&#8221;1.4em&#8221; background_layout=&#8221;dark&#8221; locked=&#8221;off&#8221; global_colors_info=&#8221;{}&#8221;]<\/p>\n<h5>T\u00f6\u00f6aeg<\/h5>\n<p>9.00-17.00 <span>(GMT+3) <\/span>esmasp\u00e4ev: reede  <\/p>\n<p>[\/et_pb_text][et_pb_text _builder_version=&#8221;4.16&#8243; text_font=&#8221;|700|||||||&#8221; text_text_color=&#8221;#ffffff&#8221; text_line_height=&#8221;2em&#8221; link_font=&#8221;||||||||&#8221; link_text_color=&#8221;#ffffff&#8221; header_font=&#8221;||||||||&#8221; header_5_font=&#8221;Oswald|||on|||||&#8221; header_5_text_color=&#8221;rgba(255,255,255,0.4)&#8221; header_5_letter_spacing=&#8221;2px&#8221; header_5_line_height=&#8221;1.4em&#8221; background_layout=&#8221;dark&#8221; locked=&#8221;off&#8221; global_colors_info=&#8221;{}&#8221;]<\/p>\n<h5>Meie b\u00fcroo<\/h5>\n<p><span>Ida-Viru maakond, Sillam\u00e4e linn, Kesk tn 7-11, 40231<\/span><\/p>\n<p>[\/et_pb_text][\/et_pb_column_inner][et_pb_column_inner type=&#8221;1_2&#8243; saved_specialty_column_type=&#8221;1_2&#8243; _builder_version=&#8221;4.16&#8243; custom_padding=&#8221;|||&#8221; global_colors_info=&#8221;{}&#8221; custom_padding__hover=&#8221;|||&#8221;][et_pb_text _builder_version=&#8221;4.25.1&#8243; text_font=&#8221;|700|||||||&#8221; text_text_color=&#8221;#ffffff&#8221; text_line_height=&#8221;2em&#8221; link_font=&#8221;||||||||&#8221; link_text_color=&#8221;#ffffff&#8221; header_font=&#8221;||||||||&#8221; header_5_font=&#8221;Oswald|||on|||||&#8221; header_5_text_color=&#8221;rgba(255,255,255,0.4)&#8221; header_5_letter_spacing=&#8221;2px&#8221; header_5_line_height=&#8221;1.4em&#8221; background_layout=&#8221;dark&#8221; locked=&#8221;off&#8221; global_colors_info=&#8221;{}&#8221; theme_builder_area=&#8221;post_content&#8221;]<\/p>\n<h5>Mida me teeme<\/h5>\n<p><a href=\"impordi-ja-eksporditeenused\/\">Impordi ja eksporditeenused<\/a><br \/>\n<a href=\"suure raskusega transport\/\">Maanteevedu<\/a><br \/>\n<a href=\"air-transport\/\">\u00d5huvedu<\/a><br \/>\n<a href=\"konteiner-transport\/\">Konteinerveod<\/a><br \/>\n<a href=\"raudtee-transport\/\">Raudteevedu<\/a><br \/>\n<a href=\"ladustamine-distributsioon\/\">Ladustamine ja laialivedu<\/a><br \/>\n<a href=\"tolliagentuur\/\">Tolliteenused<\/a><br \/>\n<a href=\"laevakoorma edastamine\/\">Laevade agenteerimine<\/a>[\/et_pb_text][\/et_pb_column_inner][\/et_pb_row_inner][\/et_pb_column][et_pb_column type=&#8221;1_2&#8243; _builder_version=&#8221;4.16&#8243; custom_padding=&#8221;|||&#8221; global_colors_info=&#8221;{}&#8221; padding_tablet=&#8221;|10%||10%||true&#8221; padding_last_edited=&#8221;on|tablet&#8221; custom_padding__hover=&#8221;|||&#8221; padding_phone=&#8221;|10%||10%||true&#8221;][et_pb_contact_form captcha=&#8221;off&#8221; title=&#8221;Kirjutage meile&#8221; module_id=&#8221;et_pb_contact_form_1&#8243; _builder_version=&#8221;4.16&#8243; form_field_background_color=&#8221;rgba(255,255,255,0.12)&#8221; form_field_text_color=&#8221;rgba(255,255,255,0.6)&#8221; title_level=&#8221;h2&#8243; title_font=&#8221;Oswald|500|||||||&#8221; title_text_color=&#8221;#ffffff&#8221; title_font_size=&#8221;46px&#8221; title_line_height=&#8221;1.4em&#8221; form_field_font=&#8221;||||||||&#8221; form_field_font_size=&#8221;15px&#8221; form_field_line_height=&#8221;1.9em&#8221; custom_button=&#8221;on&#8221; button_text_size=&#8221;16px&#8221; button_text_color=&#8221;#ffffff&#8221; button_bg_color=&#8221;#e0aa25&#8243; button_border_width=&#8221;8px&#8221; button_border_color=&#8221;rgba(0,0,0,0)&#8221; button_border_radius=&#8221;0px&#8221; button_letter_spacing=&#8221;3px&#8221; button_font=&#8221;Montserrat|||on|||||&#8221; button_use_icon=&#8221;off&#8221; custom_padding=&#8221;|||&#8221; title_font_size_tablet=&#8221;46px&#8221; title_font_size_phone=&#8221;36px&#8221; title_font_size_last_edited=&#8221;on|phone&#8221; form_background_color=&#8221;rgba(255,255,255,0.12)&#8221; global_colors_info=&#8221;{}&#8221;][et_pb_contact_field field_id=&#8221;Name&#8221; field_title=&#8221;Nimi&#8221; _builder_version=&#8221;4.16&#8243; global_colors_info=&#8221;{}&#8221; button_text_size__hover_enabled=&#8221;off&#8221; button_one_text_size__hover_enabled=&#8221;off&#8221; button_two_text_size__hover_enabled=&#8221;off&#8221; button_text_color__hover_enabled=&#8221;off&#8221; button_one_text_color__hover_enabled=&#8221;off&#8221; button_two_text_color__hover_enabled=&#8221;off&#8221; button_border_width__hover_enabled=&#8221;off&#8221; button_one_border_width__hover_enabled=&#8221;off&#8221; button_two_border_width__hover_enabled=&#8221;off&#8221; button_border_color__hover_enabled=&#8221;off&#8221; button_one_border_color__hover_enabled=&#8221;off&#8221; button_two_border_color__hover_enabled=&#8221;off&#8221; button_border_radius__hover_enabled=&#8221;off&#8221; button_one_border_radius__hover_enabled=&#8221;off&#8221; button_two_border_radius__hover_enabled=&#8221;off&#8221; button_letter_spacing__hover_enabled=&#8221;off&#8221; button_one_letter_spacing__hover_enabled=&#8221;off&#8221; button_two_letter_spacing__hover_enabled=&#8221;off&#8221; button_bg_color__hover_enabled=&#8221;off&#8221; button_one_bg_color__hover_enabled=&#8221;off&#8221; button_two_bg_color__hover_enabled=&#8221;off&#8221;][\/et_pb_contact_field][et_pb_contact_field field_id=&#8221;Email&#8221; field_title=&#8221;E-posti aadress&#8221; field_type=&#8221;email&#8221; _builder_version=&#8221;4.16&#8243; global_colors_info=&#8221;{}&#8221; button_text_size__hover_enabled=&#8221;off&#8221; button_one_text_size__hover_enabled=&#8221;off&#8221; button_two_text_size__hover_enabled=&#8221;off&#8221; button_text_color__hover_enabled=&#8221;off&#8221; button_one_text_color__hover_enabled=&#8221;off&#8221; button_two_text_color__hover_enabled=&#8221;off&#8221; button_border_width__hover_enabled=&#8221;off&#8221; button_one_border_width__hover_enabled=&#8221;off&#8221; button_two_border_width__hover_enabled=&#8221;off&#8221; button_border_color__hover_enabled=&#8221;off&#8221; button_one_border_color__hover_enabled=&#8221;off&#8221; button_two_border_color__hover_enabled=&#8221;off&#8221; button_border_radius__hover_enabled=&#8221;off&#8221; button_one_border_radius__hover_enabled=&#8221;off&#8221; button_two_border_radius__hover_enabled=&#8221;off&#8221; button_letter_spacing__hover_enabled=&#8221;off&#8221; button_one_letter_spacing__hover_enabled=&#8221;off&#8221; button_two_letter_spacing__hover_enabled=&#8221;off&#8221; button_bg_color__hover_enabled=&#8221;off&#8221; button_one_bg_color__hover_enabled=&#8221;off&#8221; button_two_bg_color__hover_enabled=&#8221;off&#8221;][\/et_pb_contact_field][et_pb_contact_field field_id=&#8221;Message&#8221; field_title=&#8221;S\u00f5num&#8221; field_type=&#8221;text&#8221; fullwidth_field=&#8221;on&#8221; _builder_version=&#8221;4.16&#8243; global_colors_info=&#8221;{}&#8221; button_text_size__hover_enabled=&#8221;off&#8221; button_one_text_size__hover_enabled=&#8221;off&#8221; button_two_text_size__hover_enabled=&#8221;off&#8221; button_text_color__hover_enabled=&#8221;off&#8221; button_one_text_color__hover_enabled=&#8221;off&#8221; button_two_text_color__hover_enabled=&#8221;off&#8221; button_border_width__hover_enabled=&#8221;off&#8221; button_one_border_width__hover_enabled=&#8221;off&#8221; button_two_border_width__hover_enabled=&#8221;off&#8221; button_border_color__hover_enabled=&#8221;off&#8221; button_one_border_color__hover_enabled=&#8221;off&#8221; button_two_border_color__hover_enabled=&#8221;off&#8221; button_border_radius__hover_enabled=&#8221;off&#8221; button_one_border_radius__hover_enabled=&#8221;off&#8221; button_two_border_radius__hover_enabled=&#8221;off&#8221; button_letter_spacing__hover_enabled=&#8221;off&#8221; button_one_letter_spacing__hover_enabled=&#8221;off&#8221; button_two_letter_spacing__hover_enabled=&#8221;off&#8221; button_bg_color__hover_enabled=&#8221;off&#8221; button_one_bg_color__hover_enabled=&#8221;off&#8221; button_two_bg_color__hover_enabled=&#8221;off&#8221;][\/et_pb_contact_field][\/et_pb_contact_form][\/et_pb_column][\/et_pb_section]<\/p>\n","protected":false},"excerpt":{"rendered":"<p>Maanteevedu &nbsp; Septembris 2024 on maanteetranspordi k\u00fctuselisa 10,1%.Granel O\u00dc pakub terviklikku maanteeveoteenuste paketti, mis on spetsiaalselt teie vajadustele kohandatud. Me kohandame oma teenuseid vastavalt teie vajadustele, tagades teile parima v\u00f5imaliku teenuse. Granel O\u00dc peamised maanteekaubaveo marsruudid h\u00f5lmavad Euroopat, \u00dchendkuningriiki, Skandinaaviat, Balti riike ja Kesk-Aasiat.Pakume kiiret ja paindlikku maanteekaubavedu. Maanteeveo puhul on kaks v\u00f5imalust: v\u00e4hem kui [&hellip;]<\/p>\n","protected":false},"author":2,"featured_media":0,"parent":0,"menu_order":0,"comment_status":"closed","ping_status":"closed","template":"","meta":{"_et_pb_use_builder":"on","_et_pb_old_content":"","_et_gb_content_width":"","footnotes":""},"dipi_cpt_category":[],"class_list":["post-25989556","page","type-page","status-publish","hentry"],"_links":{"self":[{"href":"https:\/\/test.keskoo.com\/et\/wp-json\/wp\/v2\/pages\/25989556","targetHints":{"allow":["GET"]}}],"collection":[{"href":"https:\/\/test.keskoo.com\/et\/wp-json\/wp\/v2\/pages"}],"about":[{"href":"https:\/\/test.keskoo.com\/et\/wp-json\/wp\/v2\/types\/page"}],"author":[{"embeddable":true,"href":"https:\/\/test.keskoo.com\/et\/wp-json\/wp\/v2\/users\/2"}],"replies":[{"embeddable":true,"href":"https:\/\/test.keskoo.com\/et\/wp-json\/wp\/v2\/comments?post=25989556"}],"version-history":[{"count":4,"href":"https:\/\/test.keskoo.com\/et\/wp-json\/wp\/v2\/pages\/25989556\/revisions"}],"predecessor-version":[{"id":25989718,"href":"https:\/\/test.keskoo.com\/et\/wp-json\/wp\/v2\/pages\/25989556\/revisions\/25989718"}],"wp:attachment":[{"href":"https:\/\/test.keskoo.com\/et\/wp-json\/wp\/v2\/media?parent=25989556"}],"wp:term":[{"taxonomy":"dipi_cpt_category","embeddable":true,"href":"https:\/\/test.keskoo.com\/et\/wp-json\/wp\/v2\/dipi_cpt_category?post=25989556"}],"curies":[{"name":"wp","href":"https:\/\/api.w.org\/{rel}","templated":true}]}}